{"id":77,"date":"2016-12-05T04:56:01","date_gmt":"2016-12-05T04:56:01","guid":{"rendered":"http:\/\/localhost\/buildpro\/?page_id=77"},"modified":"2026-01-14T13:30:11","modified_gmt":"2026-01-14T10:30:11","slug":"contact-us","status":"publish","type":"page","link":"https:\/\/www.eucc.tr\/?page_id=77","title":{"rendered":"Contact Us"},"content":{"rendered":"<div class=\"wpb-content-wrapper\"><p>[vc_row][vc_column offset=&#8221;vc_col-md-8&#8243;]\t<div class=\"de_tab tab_style_2\">\n\t\t        <ul class=\"de_nav\">\n        \t            <li class=\"active\" data-wow-delay=\"0s\">\n            \t<span>\u0130stanbul<\/span><div class=\"v-border\"><\/div>\n            <\/li>\n                        <li class=\"\" data-wow-delay=\"0s\">\n            \t<span>Malta<\/span><div class=\"v-border\"><\/div>\n            <\/li>\n                        <li class=\"\" data-wow-delay=\"0s\">\n            \t<span>Rotterdam<\/span><div class=\"v-border\"><\/div>\n            <\/li>\n                        <li class=\"\" data-wow-delay=\"0s\">\n            \t<span>London<\/span><div class=\"v-border\"><\/div>\n            <\/li>\n                    <\/ul>\n                <div class=\"de_tab_content tc_style-1\">\n        \t            <div id=\"tab0\">\n                <div class=\"row\">\n                    <div class=\"col-md-6\">\n                    \t<iframe loading=\"lazy\" src=\"https:\/\/www.google.com\/maps\/embed?pb=!1m18!1m12!1m3!1d1504.588013415116!2d28.996656660329556!3d41.04327952355342!2m3!1f0!2f0!3f0!3m2!1i1024!2i768!4f13.1!3m3!1m2!1s0x14cab63f6f8193f1%3A0x36c864a929a1018c!2zQmXFn2lrdGHFny_EsHN0YW5idWw!5e0!3m2!1str!2str!4v1768385738780!5m2!1str!2str\" width=\"100%\" height=\"380\" frameborder=\"0\" style=\"border: 0\" allowfullscreen><\/iframe>                    <\/div>\n                    <div class=\"col-md-6\">\n                    \t<address class=\"address-style-2\">\n<span><strong>Address:<\/strong>Be\u015fikta\u015f \u0130stanbul<\/span>\n<span><strong>Phone:<\/strong>0537 737 53 30<\/span>\n<span><strong>Fax:<\/strong>0000 000 00 00<\/span>\n<span><strong>Email:<\/strong><a href=\"mailto:contact@buildpro.com\">eucc@eucc.com<\/a><\/span>\n<span><strong>Web:<\/strong><a href=\"#test\">https:\/\/www.eucc.tr\/<\/a><\/span>\n<span><strong>Open<\/strong>Sunday - Friday 08:00 - 18:00<\/span>\n<\/address>                    <\/div>\n                <\/div>\n            <\/div>\n                        <div id=\"tab1\">\n                <div class=\"row\">\n                    <div class=\"col-md-6\">\n                    \t<iframe loading=\"lazy\" src=\"https:\/\/www.google.com\/maps\/embed?pb=!1m18!1m12!1m3!1d6464.627791842917!2d14.503334906310815!3d35.89032715354744!2m3!1f0!2f0!3f0!3m2!1i1024!2i768!4f13.1!3m3!1m2!1s0x130e45281d8647c5%3A0xf582d86136be4239!2sMalta!5e0!3m2!1str!2str!4v1768385939853!5m2!1str!2str\" width=\"100%\" height=\"380\" frameborder=\"0\" style=\"border: 0\" allowfullscreen><\/iframe>                    <\/div>\n                    <div class=\"col-md-6\">\n                    \t<address class=\"address-style-2\">\n<span><strong>Address:<\/strong>Be\u015fikta\u015f \u0130stanbul<\/span>\n<span><strong>Phone:<\/strong>0537 737 53 30<\/span>\n<span><strong>Fax:<\/strong>0000 000 00 00<\/span>\n<span><strong>Email:<\/strong><a href=\"mailto:contact@buildpro.com\">eucc@eucc.com<\/a><\/span>\n<span><strong>Web:<\/strong><a href=\"#test\">https:\/\/www.eucc.tr\/<\/a><\/span>\n<span><strong>Open<\/strong>Sunday - Friday 08:00 - 18:00<\/span>\n<\/address>                    <\/div>\n                <\/div>\n            <\/div>\n                        <div id=\"tab2\">\n                <div class=\"row\">\n                    <div class=\"col-md-6\">\n                    \t<iframe loading=\"lazy\" src=\"https:\/\/www.google.com\/maps\/embed?pb=!1m18!1m12!1m3!1d3151.840289118618!2d144.9537363149519!3d-37.817209742012885!2m3!1f0!2f0!3f0!3m2!1i1024!2i768!4f13.1!3m3!1m2!1s0x6ad65d4c2b349649%3A0xb6899234e561db11!2sEnvato!5e0!3m2!1sen!2sid!4v1462781318185\" width=\"100%\" height=\"380\" frameborder=\"0\" style=\"border: 0\" allowfullscreen><\/iframe>                    <\/div>\n                    <div class=\"col-md-6\">\n                    \t<address class=\"address-style-2\">\n<span><strong>Address:<\/strong>Be\u015fikta\u015f \u0130stanbul<\/span>\n<span><strong>Phone:<\/strong>0537 737 53 30<\/span>\n<span><strong>Fax:<\/strong>0000 000 00 00<\/span>\n<span><strong>Email:<\/strong><a href=\"mailto:contact@buildpro.com\">eucc@eucc.com<\/a><\/span>\n<span><strong>Web:<\/strong><a href=\"#test\">https:\/\/www.eucc.tr\/<\/a><\/span>\n<span><strong>Open<\/strong>Sunday - Friday 08:00 - 18:00<\/span>\n<\/address>                    <\/div>\n                <\/div>\n            <\/div>\n                        <div id=\"tab3\">\n                <div class=\"row\">\n                    <div class=\"col-md-6\">\n                    \t<iframe loading=\"lazy\" src=\"https:\/\/www.google.com\/maps\/embed?pb=!1m18!1m12!1m3!1d12607.36483401036!2d144.94717023712022!3d-37.817188209049284!2m3!1f0!2f0!3f0!3m2!1i1024!2i768!4f13.1!3m3!1m2!1s0x6ad642b4758afc1d%3A0x3e495e32dc26749f!2sEnvato!5e0!3m2!1sen!2s!4v1478765341687\" width=\"100%\" height=\"380\" frameborder=\"0\" style=\"border: 0\" allowfullscreen><\/iframe>                    <\/div>\n                    <div class=\"col-md-6\">\n                    \t<address class=\"address-style-2\">\n<span><strong>Address:<\/strong>Be\u015fikta\u015f \u0130stanbul<\/span>\n<span><strong>Phone:<\/strong>0537 737 53 30<\/span>\n<span><strong>Fax:<\/strong>0000 000 00 00<\/span>\n<span><strong>Email:<\/strong><a href=\"mailto:contact@buildpro.com\">eucc@eucc.com<\/a><\/span>\n<span><strong>Web:<\/strong><a href=\"#test\">https:\/\/www.eucc.tr\/<\/a><\/span>\n<span><strong>Open<\/strong>Sunday - Friday 08:00 - 18:00<\/span>\n<\/address>                    <\/div>\n                <\/div>\n            <\/div>\n                    <\/div>\n    <\/div>\n\n[vc_empty_space height=&#8221;10px&#8221;][\/vc_column][vc_column offset=&#8221;vc_col-md-4&#8243;]\n<div class=\"wpcf7 no-js\" id=\"wpcf7-f76-o1\" lang=\"en-US\" dir=\"ltr\" data-wpcf7-id=\"76\">\n<div class=\"screen-reader-response\"><p role=\"status\" aria-live=\"polite\" aria-atomic=\"true\"><\/p> <ul><\/ul><\/div>\n<form action=\"\/index.php?rest_route=%2Fwp%2Fv2%2Fpages%2F77#wpcf7-f76-o1\" method=\"post\" class=\"wpcf7-form init\" aria-label=\"Contact form\" novalidate=\"novalidate\" data-status=\"init\">\n<div style=\"display: none;\">\n<input type=\"hidden\" name=\"_wpcf7\" value=\"76\" \/>\n<input type=\"hidden\" name=\"_wpcf7_version\" value=\"6.0.5\" \/>\n<input type=\"hidden\" name=\"_wpcf7_locale\" value=\"en_US\" \/>\n<input type=\"hidden\" name=\"_wpcf7_unit_tag\" value=\"wpcf7-f76-o1\" \/>\n<input type=\"hidden\" name=\"_wpcf7_container_post\" value=\"0\" \/>\n<input type=\"hidden\" name=\"_wpcf7_posted_data_hash\" value=\"\" \/>\n<\/div>\n<div id='contact_form' class=\"padding30\" data-bgcolor=\"#f5f5f5\">\n\t<h3>Send Us Message<span class=\"tiny-border\"><\/span>\n\t<\/h3>\n\t<div class=\"row\">\n\t\t<div class=\"col-md-12\">\n\t\t\t<div id='name_error' class='error'>\n\t\t\t\t<p>Please enter your name.\n\t\t\t\t<\/p>\n\t\t\t<\/div>\n\t\t\t<div>\n\t\t\t\t<p><span class=\"wpcf7-form-control-wrap\" data-name=\"your-name\"><input size=\"40\" maxlength=\"400\" class=\"wpcf7-form-control wpcf7-text wpcf7-validates-as-required form-control\" aria-required=\"true\" aria-invalid=\"false\" placeholder=\"Your Name\" value=\"\" type=\"text\" name=\"your-name\" \/><\/span>\n\t\t\t\t<\/p>\n\t\t\t<\/div>\n\t\t\t<div>\n\t\t\t\t<p><span class=\"wpcf7-form-control-wrap\" data-name=\"your-email\"><input size=\"40\" maxlength=\"400\" class=\"wpcf7-form-control wpcf7-email wpcf7-validates-as-required wpcf7-text wpcf7-validates-as-email form-control\" aria-required=\"true\" aria-invalid=\"false\" placeholder=\"Your Email\" value=\"\" type=\"email\" name=\"your-email\" \/><\/span>\n\t\t\t\t<\/p>\n\t\t\t<\/div>\n\t\t\t<div>\n\t\t\t\t<p><span class=\"wpcf7-form-control-wrap\" data-name=\"your-phone\"><input size=\"40\" maxlength=\"400\" class=\"wpcf7-form-control wpcf7-tel wpcf7-text wpcf7-validates-as-tel form-control\" aria-invalid=\"false\" placeholder=\"Your Phone\" value=\"\" type=\"tel\" name=\"your-phone\" \/><\/span>\n\t\t\t\t<\/p>\n\t\t\t<\/div>\n\t\t\t<div>\n\t\t\t\t<p><span class=\"wpcf7-form-control-wrap\" data-name=\"your-message\"><textarea cols=\"40\" rows=\"10\" maxlength=\"2000\" class=\"wpcf7-form-control wpcf7-textarea wpcf7-validates-as-required form-control\" aria-required=\"true\" aria-invalid=\"false\" placeholder=\"Your Message\" name=\"your-message\"><\/textarea><\/span>\n\t\t\t\t<\/p>\n\t\t\t<\/div>\n\t\t<\/div>\n\t\t<div class=\"col-md-12\">\n\t\t\t<div id='submit'>\n\t\t\t\t<p><input class=\"wpcf7-form-control wpcf7-submit has-spinner btn btn-line\" type=\"submit\" value=\"Submit Form\" \/>\n\t\t\t\t<\/p>\n\t\t\t<\/div>\n\t\t<\/div>\n\t<\/div>\n<\/div><p style=\"display: none !important;\" class=\"akismet-fields-container\" data-prefix=\"_wpcf7_ak_\"><label>&#916;<textarea name=\"_wpcf7_ak_hp_textarea\" cols=\"45\" rows=\"8\" maxlength=\"100\"><\/textarea><\/label><input type=\"hidden\" id=\"ak_js_1\" name=\"_wpcf7_ak_js\" value=\"86\"\/><script>document.getElementById( \"ak_js_1\" ).setAttribute( \"value\", ( new Date() ).getTime() );<\/script><\/p><div class=\"wpcf7-response-output\" aria-hidden=\"true\"><\/div>\n<\/form>\n<\/div>\n[\/vc_column][\/vc_row]<\/p>\n<\/div>","protected":false},"excerpt":{"rendered":"<p>[vc_row][vc_column offset=&#8221;vc_col-md-8&#8243;][vc_empty_space height=&#8221;10px&#8221;][\/vc_column][vc_column offset=&#8221;vc_col-md-4&#8243;][\/vc_column][\/vc_row]<\/p>\n","protected":false},"author":1,"featured_media":0,"parent":0,"menu_order":0,"comment_status":"closed","ping_status":"closed","template":"page-templates\/template-fullwidth.php","meta":{"footnotes":""},"class_list":["post-77","page","type-page","status-publish","hentry"],"_links":{"self":[{"href":"https:\/\/www.eucc.tr\/index.php?rest_route=\/wp\/v2\/pages\/77","targetHints":{"allow":["GET"]}}],"collection":[{"href":"https:\/\/www.eucc.tr\/index.php?rest_route=\/wp\/v2\/pages"}],"about":[{"href":"https:\/\/www.eucc.tr\/index.php?rest_route=\/wp\/v2\/types\/page"}],"author":[{"embeddable":true,"href":"https:\/\/www.eucc.tr\/index.php?rest_route=\/wp\/v2\/users\/1"}],"replies":[{"embeddable":true,"href":"https:\/\/www.eucc.tr\/index.php?rest_route=%2Fwp%2Fv2%2Fcomments&post=77"}],"version-history":[{"count":4,"href":"https:\/\/www.eucc.tr\/index.php?rest_route=\/wp\/v2\/pages\/77\/revisions"}],"predecessor-version":[{"id":1152,"href":"https:\/\/www.eucc.tr\/index.php?rest_route=\/wp\/v2\/pages\/77\/revisions\/1152"}],"wp:attachment":[{"href":"https:\/\/www.eucc.tr\/index.php?rest_route=%2Fwp%2Fv2%2Fmedia&parent=77"}],"curies":[{"name":"wp","href":"https:\/\/api.w.org\/{rel}","templated":true}]}}